{"id":300,"date":"2020-01-29T13:59:03","date_gmt":"2020-01-29T13:59:03","guid":{"rendered":"http:\/\/rinconjuridico.es\/defensa-accidents\/"},"modified":"2023-02-10T12:38:47","modified_gmt":"2023-02-10T12:38:47","slug":"defensa-accidents","status":"publish","type":"page","link":"https:\/\/rinconjuridico.es\/ca\/defensa-accidents\/","title":{"rendered":"Defensa Accidents"},"content":{"rendered":"<p>[et_pb_section fb_built=&#8221;1&#8243; fullwidth=&#8221;on&#8221; _builder_version=&#8221;4.0.5&#8243;][et_pb_fullwidth_slider _builder_version=&#8221;4.2.2&#8243; hover_enabled=&#8221;0&#8243; link_option_url=&#8221;http:\/\/rinconjuridico.es\/contacto&#8221;][et_pb_slide heading=&#8221;Defensa Accidents&#8221; button_text=&#8221;Contacti&#8217;ns&#8221; use_bg_overlay=&#8221;on&#8221; bg_overlay_color=&#8221;rgba(0,0,0,0.41)&#8221; use_text_overlay=&#8221;on&#8221; _builder_version=&#8221;4.2.2&#8243; background_enable_color=&#8221;off&#8221; background_image=&#8221;http:\/\/rinconjuridico.es\/wp-content\/uploads\/2020\/01\/rincon1_web.jpg&#8221; background_enable_image=&#8221;on&#8221; hover_enabled=&#8221;0&#8243;]<\/p>\n<p>Bufet d&#8217;advocats i assessors fiscals<\/p>\n<p>[\/et_pb_slide][\/et_pb_fullwidth_slider][\/et_pb_section][et_pb_section fb_built=&#8221;1&#8243; _builder_version=&#8221;4.2.2&#8243; hover_enabled=&#8221;0&#8243; disabled_on=&#8221;on|on|on&#8221; disabled=&#8221;on&#8221;][et_pb_row column_structure=&#8221;1_2,1_2&#8243; _builder_version=&#8221;4.0.5&#8243;][et_pb_column type=&#8221;1_2&#8243; _builder_version=&#8221;4.0.5&#8243;][et_pb_text _builder_version=&#8221;4.0.5&#8243; text_font=&#8221;Poppins|300|||||||&#8221; text_text_color=&#8221;#000000&#8243; text_font_size=&#8221;16px&#8221; text_orientation=&#8221;justified&#8221; custom_padding=&#8221;0px|||21px|false|false&#8221; border_width_left=&#8221;6px&#8221;]<\/p>\n<p>Rinc\u00f3n Jur\u00eddico, S.L. es un <strong>despatx d&#8217;advocats<\/strong> que es crea l&#8217;any 2009, amb l&#8217;objectiu de ser una alternativa als despatxos d&#8217;advocats tradicionals per la frescor, per l&#8217;estreta relaci\u00f3 que es crea amb cada client, per la forma plana per\u00f2 alhora completa i clara d&#8217;explicar cada assumpte; pel <strong>contacte permanent i constant amb el client<\/strong>, que en tot moment est\u00e0 informat del tema; per la franquesa a l&#8217;hora d&#8217;exposar les possibilitats d&#8217;un cas reals; per la <strong>profesionalitat<\/strong> i bona feina dels seus professionals, que no est\u00e0 renyida amb <strong>preus ajustats<\/strong> i donar facilitats a aquells clients que ho necessitin.<\/p>\n<p>[\/et_pb_text][\/et_pb_column][et_pb_column type=&#8221;1_2&#8243; _builder_version=&#8221;4.0.5&#8243;][et_pb_image src=&#8221;http:\/\/rinconjuridico.es\/wp-content\/uploads\/2020\/01\/icono_RJ.png&#8221; align=&#8221;center&#8221; _builder_version=&#8221;4.0.5&#8243; custom_padding=&#8221;100px||||false|false&#8221;][\/et_pb_image][\/et_pb_column][\/et_pb_row][\/et_pb_section][et_pb_section fb_built=&#8221;1&#8243; admin_label=&#8221;Welcome Section&#8221; _builder_version=&#8221;4.0.5&#8243; background_color=&#8221;#f7f7f7&#8243; custom_margin=&#8221;||0px||false|false&#8221; custom_padding=&#8221;42px||56px||false|false&#8221; border_color_all=&#8221;#b01100&#8243; border_width_right=&#8221;8vw&#8221;][et_pb_row admin_label=&#8221;Welcome Area&#8221; _builder_version=&#8221;3.25&#8243;][et_pb_column type=&#8221;4_4&#8243; _builder_version=&#8221;3.25&#8243; custom_padding=&#8221;|||&#8221; custom_padding__hover=&#8221;|||&#8221;][et_pb_text admin_label=&#8221;Title&#8221; _builder_version=&#8221;4.0.5&#8243; text_font=&#8221;||||||||&#8221; header_font=&#8221;||||||||&#8221; header_2_font=&#8221;Poppins||||||||&#8221; header_2_text_align=&#8221;center&#8221; header_2_font_size=&#8221;48px&#8221; header_2_line_height=&#8221;1.6em&#8221; custom_margin=&#8221;||10px|&#8221; custom_padding=&#8221;|||&#8221; animation_style=&#8221;fade&#8221; header_2_font_size_tablet=&#8221;40px&#8221; header_2_font_size_phone=&#8221;&#8221; header_2_font_size_last_edited=&#8221;on|tablet&#8221;]<\/p>\n<h2>Defensa Accidents<\/h2>\n<p>[\/et_pb_text][et_pb_divider divider_position=&#8221;center&#8221; divider_weight=&#8221;3px&#8221; _builder_version=&#8221;4.0.5&#8243; max_width=&#8221;70px&#8221; module_alignment=&#8221;center&#8221; animation_style=&#8221;slide&#8221; animation_direction=&#8221;top&#8221; animation_intensity_slide=&#8221;10%&#8221; animation_starting_opacity=&#8221;100%&#8221;][\/et_pb_divider][\/et_pb_column][\/et_pb_row][et_pb_row column_structure=&#8221;3_5,2_5&#8243; admin_label=&#8221;Welcome Area&#8221; _builder_version=&#8221;3.25&#8243; custom_margin=&#8221;|||&#8221;][et_pb_column type=&#8221;3_5&#8243; _builder_version=&#8221;4.0.5&#8243;][et_pb_text _builder_version=&#8221;4.0.5&#8243; text_font=&#8221;Prata||||||||&#8221; text_font_size=&#8221;16px&#8221; text_line_height=&#8221;2em&#8221; header_font=&#8221;||||||||&#8221; animation_style=&#8221;fold&#8221; animation_direction=&#8221;left&#8221; animation_intensity_fold=&#8221;5%&#8221; animation_starting_opacity=&#8221;100%&#8221;]Aquest despatx d&#8217;advocats est\u00e0 especialitzat en la reclamaci\u00f3 d&#8217;indemnitzaci\u00f3 per tota mena d&#8217;accidents, tant accidents de circulaci\u00f3, com accidents laborals, esportius i caigudes a la via p\u00fablica.<\/p>\n<p>Aix\u00ed mateix, ens assegurem que l&#8217;indemnitzin com vost\u00e8 es mereix, sent tan alt el nostre comprom\u00eds amb els clients i la nostra feina, que NOM\u00c9S COBREM SI VOST\u00c8 COBRA.<\/p>\n<p>Els nostres advocats us oferiran una assist\u00e8ncia completa, ajudant-vos en totes les gestions necess\u00e0ries durant la baixa m\u00e8dica i la recuperaci\u00f3, les comunicacions amb les companyies d&#8217;assegurances corresponents i les negociacions extrajudicials amb aquestes.<\/p>\n<p>De la mateixa manera, els nostres professionals realitzaran totes les actuacions judicials necess\u00e0ries perqu\u00e8 vost\u00e8 cobri la indemnitzaci\u00f3 que es mereix, per les greus lesions i perjudicis patits.[\/et_pb_text][et_pb_button button_text=&#8221;M\u00e9s informaci\u00f3 visireu defensa a l&#8217;accidentat&#8221; _builder_version=&#8221;4.2.2&#8243; custom_button=&#8221;on&#8221; button_text_size=&#8221;12px&#8221; button_text_color=&#8221;#2a2a2a&#8221; button_border_width=&#8221;2px&#8221; button_border_color=&#8221;#b01100&#8243; button_border_radius=&#8221;0px&#8221; button_letter_spacing=&#8221;4px&#8221; button_font=&#8221;Poppins|600||on|||||&#8221; button_icon=&#8221;%%3%%&#8221; custom_padding=&#8221;10px||10px|&#8221; animation_style=&#8221;fade&#8221; hover_enabled=&#8221;0&#8243; button_bg_color_hover=&#8221;rgba(0,0,0,0)&#8221; button_text_size__hover_enabled=&#8221;off&#8221; button_one_text_size__hover_enabled=&#8221;off&#8221; button_two_text_size__hover_enabled=&#8221;off&#8221; button_text_color__hover_enabled=&#8221;off&#8221; button_one_text_color__hover_enabled=&#8221;off&#8221; button_two_text_color__hover_enabled=&#8221;off&#8221; button_border_width__hover_enabled=&#8221;off&#8221; button_one_border_width__hover_enabled=&#8221;off&#8221; button_two_border_width__hover_enabled=&#8221;off&#8221; button_border_color__hover_enabled=&#8221;off&#8221; button_one_border_color__hover_enabled=&#8221;off&#8221; button_two_border_color__hover_enabled=&#8221;off&#8221; button_border_radius__hover_enabled=&#8221;off&#8221; button_one_border_radius__hover_enabled=&#8221;off&#8221; button_two_border_radius__hover_enabled=&#8221;off&#8221; button_letter_spacing__hover_enabled=&#8221;off&#8221; button_one_letter_spacing__hover_enabled=&#8221;off&#8221; button_two_letter_spacing__hover_enabled=&#8221;off&#8221; button_bg_color__hover_enabled=&#8221;on&#8221; button_bg_color__hover=&#8221;rgba(0,0,0,0)&#8221; button_one_bg_color__hover_enabled=&#8221;off&#8221; button_two_bg_color__hover_enabled=&#8221;off&#8221; button_url=&#8221;https:\/\/rinconjuridico.es\/ca\/contacte\/&#8221;][\/et_pb_button][\/et_pb_column][et_pb_column type=&#8221;2_5&#8243; _builder_version=&#8221;3.25&#8243; custom_padding=&#8221;|||&#8221; custom_padding__hover=&#8221;|||&#8221;][et_pb_image src=&#8221;http:\/\/rinconjuridico.es\/wp-content\/uploads\/2020\/01\/LOGO-DEFENSA_med.jpg&#8221; show_bottom_space=&#8221;off&#8221; force_fullwidth=&#8221;on&#8221; align_tablet=&#8221;center&#8221; align_phone=&#8221;&#8221; align_last_edited=&#8221;on|desktop&#8221; _builder_version=&#8221;4.0.5&#8243; custom_margin=&#8221;|||&#8221; animation_style=&#8221;slide&#8221; animation_direction=&#8221;left&#8221; animation_intensity_slide=&#8221;2%&#8221; border_width_all=&#8221;30px&#8221; border_color_all=&#8221;#ffffff&#8221; box_shadow_style=&#8221;preset2&#8243; box_shadow_horizontal=&#8221;0px&#8221; box_shadow_vertical=&#8221;15px&#8221; box_shadow_blur=&#8221;60px&#8221; box_shadow_color=&#8221;rgba(29,61,71,0.2)&#8221;][\/et_pb_image][\/et_pb_column][\/et_pb_row][et_pb_row column_structure=&#8221;1_2,1_2&#8243; _builder_version=&#8221;4.0.5&#8243;][et_pb_column type=&#8221;1_2&#8243; _builder_version=&#8221;4.0.5&#8243;][\/et_pb_column][et_pb_column type=&#8221;1_2&#8243; _builder_version=&#8221;4.0.5&#8243;][\/et_pb_column][\/et_pb_row][\/et_pb_section][et_pb_section fb_built=&#8221;1&#8243; admin_label=&#8221;Request Appoinment Section&#8221; _builder_version=&#8221;4.2.2&#8243; background_image=&#8221;http:\/\/rinconjuridico.es\/wp-content\/uploads\/2020\/02\/fondoarbol_home.jpg&#8221; parallax=&#8221;on&#8221; custom_padding=&#8221;230px||0px|&#8221; hover_enabled=&#8221;0&#8243;][et_pb_row admin_label=&#8221;Request Appoinment Area&#8221; _builder_version=&#8221;3.25&#8243; custom_padding=&#8221;0px|0px|0px|0px&#8221; box_shadow_style=&#8221;preset2&#8243; box_shadow_horizontal=&#8221;0px&#8221; box_shadow_vertical=&#8221;-15px&#8221; box_shadow_blur=&#8221;60px&#8221; box_shadow_color=&#8221;rgba(29,61,71,0.2)&#8221;][et_pb_column type=&#8221;4_4&#8243; _builder_version=&#8221;3.25&#8243; custom_padding=&#8221;|||&#8221; custom_padding__hover=&#8221;|||&#8221;][et_pb_contact_form captcha=&#8221;off&#8221; email=&#8221;juanluisrc@gmail.com&#8221; title=&#8221;Sol\u00b7liciteu Informaci\u00f3&#8221; custom_message=&#8221;Formulari de Defensa Accidentat||et_pb_line_break_holder||||et_pb_line_break_holder||Nombre: %%Name%%||et_pb_line_break_holder||Tel.: %%Phone%%||et_pb_line_break_holder||Mail: %%Email%%||et_pb_line_break_holder||Mensaje: %%Message%%&#8221; submit_button_text=&#8221;Enviar&#8221; module_id=&#8221;et_pb_contact_form_0&#8243; _builder_version=&#8221;4.2.2&#8243; form_field_background_color=&#8221;rgba(0,0,0,0)&#8221; title_font=&#8221;Poppins||||||||&#8221; title_font_size=&#8221;42px&#8221; title_line_height=&#8221;1.4em&#8221; form_field_font=&#8221;||||||||&#8221; form_field_font_size=&#8221;16px&#8221; background_color=&#8221;rgba(255,255,255,0.95)&#8221; custom_button=&#8221;on&#8221; button_text_size=&#8221;14px&#8221; button_text_color=&#8221;#ffffff&#8221; button_bg_color=&#8221;#b01100&#8243; button_border_width=&#8221;12px&#8221; button_border_color=&#8221;#b01100&#8243; button_border_radius=&#8221;6px&#8221; button_letter_spacing=&#8221;4px&#8221; button_font=&#8221;|700||on|||||&#8221; button_icon=&#8221;%%3%%&#8221; custom_margin=&#8221;|||&#8221; custom_padding=&#8221;50px|60px|80px|60px&#8221; animation_style=&#8221;slide&#8221; animation_direction=&#8221;right&#8221; animation_intensity_slide=&#8221;5%&#8221; animation_starting_opacity=&#8221;100%&#8221; hover_enabled=&#8221;0&#8243; border_width_all=&#8221;1px&#8221; border_color_all=&#8221;rgba(0,0,0,0.12)&#8221; border_style_all=&#8221;solid&#8221; use_border_color=&#8221;on&#8221; border_color=&#8221;rgba(0,0,0,0.12)&#8221; form_background_color=&#8221;rgba(0,0,0,0)&#8221; use_redirect=&#8221;on&#8221; redirect_url=&#8221;http:\/\/rinconjuridico.es\/gracias\/&#8221;][et_pb_contact_field field_id=&#8221;Name&#8221; field_title=&#8221;Nom *&#8221; _builder_version=&#8221;4.0.5&#8243; button_text_size__hover_enabled=&#8221;off&#8221; button_one_text_size__hover_enabled=&#8221;off&#8221; button_two_text_size__hover_enabled=&#8221;off&#8221; button_text_color__hover_enabled=&#8221;off&#8221; button_one_text_color__hover_enabled=&#8221;off&#8221; button_two_text_color__hover_enabled=&#8221;off&#8221; button_border_width__hover_enabled=&#8221;off&#8221; button_one_border_width__hover_enabled=&#8221;off&#8221; button_two_border_width__hover_enabled=&#8221;off&#8221; button_border_color__hover_enabled=&#8221;off&#8221; button_one_border_color__hover_enabled=&#8221;off&#8221; button_two_border_color__hover_enabled=&#8221;off&#8221; button_border_radius__hover_enabled=&#8221;off&#8221; button_one_border_radius__hover_enabled=&#8221;off&#8221; button_two_border_radius__hover_enabled=&#8221;off&#8221; button_letter_spacing__hover_enabled=&#8221;off&#8221; button_one_letter_spacing__hover_enabled=&#8221;off&#8221; button_two_letter_spacing__hover_enabled=&#8221;off&#8221; button_bg_color__hover_enabled=&#8221;off&#8221; button_one_bg_color__hover_enabled=&#8221;off&#8221; button_two_bg_color__hover_enabled=&#8221;off&#8221;][\/et_pb_contact_field][et_pb_contact_field field_id=&#8221;Phone&#8221; field_title=&#8221;Tel\u00e8fon&#8221; required_mark=&#8221;off&#8221; _builder_version=&#8221;4.0.5&#8243; button_text_size__hover_enabled=&#8221;off&#8221; button_one_text_size__hover_enabled=&#8221;off&#8221; button_two_text_size__hover_enabled=&#8221;off&#8221; button_text_color__hover_enabled=&#8221;off&#8221; button_one_text_color__hover_enabled=&#8221;off&#8221; button_two_text_color__hover_enabled=&#8221;off&#8221; button_border_width__hover_enabled=&#8221;off&#8221; button_one_border_width__hover_enabled=&#8221;off&#8221; button_two_border_width__hover_enabled=&#8221;off&#8221; button_border_color__hover_enabled=&#8221;off&#8221; button_one_border_color__hover_enabled=&#8221;off&#8221; button_two_border_color__hover_enabled=&#8221;off&#8221; button_border_radius__hover_enabled=&#8221;off&#8221; button_one_border_radius__hover_enabled=&#8221;off&#8221; button_two_border_radius__hover_enabled=&#8221;off&#8221; button_letter_spacing__hover_enabled=&#8221;off&#8221; button_one_letter_spacing__hover_enabled=&#8221;off&#8221; button_two_letter_spacing__hover_enabled=&#8221;off&#8221; button_bg_color__hover_enabled=&#8221;off&#8221; button_one_bg_color__hover_enabled=&#8221;off&#8221; button_two_bg_color__hover_enabled=&#8221;off&#8221;][\/et_pb_contact_field][et_pb_contact_field field_id=&#8221;Email&#8221; field_title=&#8221;Email *&#8221; field_type=&#8221;email&#8221; _builder_version=&#8221;4.0.5&#8243; button_text_size__hover_enabled=&#8221;off&#8221; button_one_text_size__hover_enabled=&#8221;off&#8221; button_two_text_size__hover_enabled=&#8221;off&#8221; button_text_color__hover_enabled=&#8221;off&#8221; button_one_text_color__hover_enabled=&#8221;off&#8221; button_two_text_color__hover_enabled=&#8221;off&#8221; button_border_width__hover_enabled=&#8221;off&#8221; button_one_border_width__hover_enabled=&#8221;off&#8221; button_two_border_width__hover_enabled=&#8221;off&#8221; button_border_color__hover_enabled=&#8221;off&#8221; button_one_border_color__hover_enabled=&#8221;off&#8221; button_two_border_color__hover_enabled=&#8221;off&#8221; button_border_radius__hover_enabled=&#8221;off&#8221; button_one_border_radius__hover_enabled=&#8221;off&#8221; button_two_border_radius__hover_enabled=&#8221;off&#8221; button_letter_spacing__hover_enabled=&#8221;off&#8221; button_one_letter_spacing__hover_enabled=&#8221;off&#8221; button_two_letter_spacing__hover_enabled=&#8221;off&#8221; button_bg_color__hover_enabled=&#8221;off&#8221; button_one_bg_color__hover_enabled=&#8221;off&#8221; button_two_bg_color__hover_enabled=&#8221;off&#8221;][\/et_pb_contact_field][et_pb_contact_field field_id=&#8221;Message&#8221; field_title=&#8221;Missatge&#8221; field_type=&#8221;text&#8221; required_mark=&#8221;off&#8221; fullwidth_field=&#8221;on&#8221; _builder_version=&#8221;4.0.5&#8243; button_text_size__hover_enabled=&#8221;off&#8221; button_one_text_size__hover_enabled=&#8221;off&#8221; button_two_text_size__hover_enabled=&#8221;off&#8221; button_text_color__hover_enabled=&#8221;off&#8221; button_one_text_color__hover_enabled=&#8221;off&#8221; button_two_text_color__hover_enabled=&#8221;off&#8221; button_border_width__hover_enabled=&#8221;off&#8221; button_one_border_width__hover_enabled=&#8221;off&#8221; button_two_border_width__hover_enabled=&#8221;off&#8221; button_border_color__hover_enabled=&#8221;off&#8221; button_one_border_color__hover_enabled=&#8221;off&#8221; button_two_border_color__hover_enabled=&#8221;off&#8221; button_border_radius__hover_enabled=&#8221;off&#8221; button_one_border_radius__hover_enabled=&#8221;off&#8221; button_two_border_radius__hover_enabled=&#8221;off&#8221; button_letter_spacing__hover_enabled=&#8221;off&#8221; button_one_letter_spacing__hover_enabled=&#8221;off&#8221; button_two_letter_spacing__hover_enabled=&#8221;off&#8221; button_bg_color__hover_enabled=&#8221;off&#8221; button_one_bg_color__hover_enabled=&#8221;off&#8221; button_two_bg_color__hover_enabled=&#8221;off&#8221;][\/et_pb_contact_field][\/et_pb_contact_form][\/et_pb_column][\/et_pb_row][\/et_pb_section]<\/p>\n","protected":false},"excerpt":{"rendered":"<p>Bufet d&#8217;advocats i assessors fiscalsRinc\u00f3n Jur\u00eddico, S.L. es un despatx d&#8217;advocats que es crea l&#8217;any 2009, amb l&#8217;objectiu de ser una alternativa als despatxos d&#8217;advocats tradicionals per la frescor, per l&#8217;estreta relaci\u00f3 que es crea amb cada client, per la forma plana per\u00f2 alhora completa i clara d&#8217;explicar cada assumpte; pel contacte permanent i constant [&hellip;]<\/p>\n","protected":false},"author":1,"featured_media":0,"parent":0,"menu_order":0,"comment_status":"closed","ping_status":"closed","template":"","meta":{"_et_pb_use_builder":"on","_et_pb_old_content":"","_et_gb_content_width":"","footnotes":""},"yoast_head":"<!-- This site is optimized with the Yoast SEO plugin v24.5 - https:\/\/yoast.com\/wordpress\/plugins\/seo\/ -->\n<title>Defensa Accidents - Rincon Jur\u00eddico. Abogados y Asesores Fiscales en Barcelona<\/title>\n<meta name=\"robots\" content=\"index, follow, max-snippet:-1, max-image-preview:large, max-video-preview:-1\" \/>\n<link rel=\"canonical\" href=\"https:\/\/rinconjuridico.es\/ca\/defensa-accidents\/\" \/>\n<meta property=\"og:locale\" content=\"ca_ES\" \/>\n<meta property=\"og:type\" content=\"article\" \/>\n<meta property=\"og:title\" content=\"Defensa Accidents - Rincon Jur\u00eddico. Abogados y Asesores Fiscales en Barcelona\" \/>\n<meta property=\"og:description\" content=\"Bufet d&#039;advocats i assessors fiscalsRinc\u00f3n Jur\u00eddico, S.L. es un despatx d&#039;advocats que es crea l&#039;any 2009, amb l&#039;objectiu de ser una alternativa als despatxos d&#039;advocats tradicionals per la frescor, per l&#039;estreta relaci\u00f3 que es crea amb cada client, per la forma plana per\u00f2 alhora completa i clara d&#039;explicar cada assumpte; pel contacte permanent i constant [&hellip;]\" \/>\n<meta property=\"og:url\" content=\"https:\/\/rinconjuridico.es\/ca\/defensa-accidents\/\" \/>\n<meta property=\"og:site_name\" content=\"Rincon Jur\u00eddico. Abogados y Asesores Fiscales en Barcelona\" \/>\n<meta property=\"article:modified_time\" content=\"2023-02-10T12:38:47+00:00\" \/>\n<meta name=\"twitter:card\" content=\"summary_large_image\" \/>\n<meta name=\"twitter:label1\" content=\"Temps estimat de lectura\" \/>\n\t<meta name=\"twitter:data1\" content=\"9 minuts\" \/>\n<script type=\"application\/ld+json\" class=\"yoast-schema-graph\">{\"@context\":\"https:\/\/schema.org\",\"@graph\":[{\"@type\":\"WebPage\",\"@id\":\"https:\/\/rinconjuridico.es\/ca\/defensa-accidents\/\",\"url\":\"https:\/\/rinconjuridico.es\/ca\/defensa-accidents\/\",\"name\":\"Defensa Accidents - Rincon Jur\u00eddico. Abogados y Asesores Fiscales en Barcelona\",\"isPartOf\":{\"@id\":\"https:\/\/rinconjuridico.es\/ca\/#website\"},\"datePublished\":\"2020-01-29T13:59:03+00:00\",\"dateModified\":\"2023-02-10T12:38:47+00:00\",\"breadcrumb\":{\"@id\":\"https:\/\/rinconjuridico.es\/ca\/defensa-accidents\/#breadcrumb\"},\"inLanguage\":\"ca\",\"potentialAction\":[{\"@type\":\"ReadAction\",\"target\":[\"https:\/\/rinconjuridico.es\/ca\/defensa-accidents\/\"]}]},{\"@type\":\"BreadcrumbList\",\"@id\":\"https:\/\/rinconjuridico.es\/ca\/defensa-accidents\/#breadcrumb\",\"itemListElement\":[{\"@type\":\"ListItem\",\"position\":1,\"name\":\"Portada\",\"item\":\"https:\/\/rinconjuridico.es\/ca\/\"},{\"@type\":\"ListItem\",\"position\":2,\"name\":\"Defensa Accidents\"}]},{\"@type\":\"WebSite\",\"@id\":\"https:\/\/rinconjuridico.es\/ca\/#website\",\"url\":\"https:\/\/rinconjuridico.es\/ca\/\",\"name\":\"Rincon Jur\u00eddico. Abogados y Asesores Fiscales en Barcelona\",\"description\":\"Abogados y Asesores Fiscales en Barcelona. Cerca de la Ciudad de la Justicia\",\"publisher\":{\"@id\":\"https:\/\/rinconjuridico.es\/ca\/#organization\"},\"potentialAction\":[{\"@type\":\"SearchAction\",\"target\":{\"@type\":\"EntryPoint\",\"urlTemplate\":\"https:\/\/rinconjuridico.es\/ca\/?s={search_term_string}\"},\"query-input\":{\"@type\":\"PropertyValueSpecification\",\"valueRequired\":true,\"valueName\":\"search_term_string\"}}],\"inLanguage\":\"ca\"},{\"@type\":\"Organization\",\"@id\":\"https:\/\/rinconjuridico.es\/ca\/#organization\",\"name\":\"Rinc\u00f3n Jur\u00eddico\",\"url\":\"https:\/\/rinconjuridico.es\/ca\/\",\"logo\":{\"@type\":\"ImageObject\",\"inLanguage\":\"ca\",\"@id\":\"https:\/\/rinconjuridico.es\/ca\/#\/schema\/logo\/image\/\",\"url\":\"http:\/\/rinconjuridico.es\/wp-content\/uploads\/2020\/01\/icono_RJ.png\",\"contentUrl\":\"http:\/\/rinconjuridico.es\/wp-content\/uploads\/2020\/01\/icono_RJ.png\",\"width\":123,\"height\":100,\"caption\":\"Rinc\u00f3n Jur\u00eddico\"},\"image\":{\"@id\":\"https:\/\/rinconjuridico.es\/ca\/#\/schema\/logo\/image\/\"}}]}<\/script>\n<!-- \/ Yoast SEO plugin. -->","yoast_head_json":{"title":"Defensa Accidents - Rincon Jur\u00eddico. Abogados y Asesores Fiscales en Barcelona","robots":{"index":"index","follow":"follow","max-snippet":"max-snippet:-1","max-image-preview":"max-image-preview:large","max-video-preview":"max-video-preview:-1"},"canonical":"https:\/\/rinconjuridico.es\/ca\/defensa-accidents\/","og_locale":"ca_ES","og_type":"article","og_title":"Defensa Accidents - Rincon Jur\u00eddico. Abogados y Asesores Fiscales en Barcelona","og_description":"Bufet d'advocats i assessors fiscalsRinc\u00f3n Jur\u00eddico, S.L. es un despatx d'advocats que es crea l'any 2009, amb l'objectiu de ser una alternativa als despatxos d'advocats tradicionals per la frescor, per l'estreta relaci\u00f3 que es crea amb cada client, per la forma plana per\u00f2 alhora completa i clara d'explicar cada assumpte; pel contacte permanent i constant [&hellip;]","og_url":"https:\/\/rinconjuridico.es\/ca\/defensa-accidents\/","og_site_name":"Rincon Jur\u00eddico. Abogados y Asesores Fiscales en Barcelona","article_modified_time":"2023-02-10T12:38:47+00:00","twitter_card":"summary_large_image","twitter_misc":{"Temps estimat de lectura":"9 minuts"},"schema":{"@context":"https:\/\/schema.org","@graph":[{"@type":"WebPage","@id":"https:\/\/rinconjuridico.es\/ca\/defensa-accidents\/","url":"https:\/\/rinconjuridico.es\/ca\/defensa-accidents\/","name":"Defensa Accidents - Rincon Jur\u00eddico. Abogados y Asesores Fiscales en Barcelona","isPartOf":{"@id":"https:\/\/rinconjuridico.es\/ca\/#website"},"datePublished":"2020-01-29T13:59:03+00:00","dateModified":"2023-02-10T12:38:47+00:00","breadcrumb":{"@id":"https:\/\/rinconjuridico.es\/ca\/defensa-accidents\/#breadcrumb"},"inLanguage":"ca","potentialAction":[{"@type":"ReadAction","target":["https:\/\/rinconjuridico.es\/ca\/defensa-accidents\/"]}]},{"@type":"BreadcrumbList","@id":"https:\/\/rinconjuridico.es\/ca\/defensa-accidents\/#breadcrumb","itemListElement":[{"@type":"ListItem","position":1,"name":"Portada","item":"https:\/\/rinconjuridico.es\/ca\/"},{"@type":"ListItem","position":2,"name":"Defensa Accidents"}]},{"@type":"WebSite","@id":"https:\/\/rinconjuridico.es\/ca\/#website","url":"https:\/\/rinconjuridico.es\/ca\/","name":"Rincon Jur\u00eddico. Abogados y Asesores Fiscales en Barcelona","description":"Abogados y Asesores Fiscales en Barcelona. Cerca de la Ciudad de la Justicia","publisher":{"@id":"https:\/\/rinconjuridico.es\/ca\/#organization"},"potentialAction":[{"@type":"SearchAction","target":{"@type":"EntryPoint","urlTemplate":"https:\/\/rinconjuridico.es\/ca\/?s={search_term_string}"},"query-input":{"@type":"PropertyValueSpecification","valueRequired":true,"valueName":"search_term_string"}}],"inLanguage":"ca"},{"@type":"Organization","@id":"https:\/\/rinconjuridico.es\/ca\/#organization","name":"Rinc\u00f3n Jur\u00eddico","url":"https:\/\/rinconjuridico.es\/ca\/","logo":{"@type":"ImageObject","inLanguage":"ca","@id":"https:\/\/rinconjuridico.es\/ca\/#\/schema\/logo\/image\/","url":"http:\/\/rinconjuridico.es\/wp-content\/uploads\/2020\/01\/icono_RJ.png","contentUrl":"http:\/\/rinconjuridico.es\/wp-content\/uploads\/2020\/01\/icono_RJ.png","width":123,"height":100,"caption":"Rinc\u00f3n Jur\u00eddico"},"image":{"@id":"https:\/\/rinconjuridico.es\/ca\/#\/schema\/logo\/image\/"}}]}},"_links":{"self":[{"href":"https:\/\/rinconjuridico.es\/ca\/wp-json\/wp\/v2\/pages\/300"}],"collection":[{"href":"https:\/\/rinconjuridico.es\/ca\/wp-json\/wp\/v2\/pages"}],"about":[{"href":"https:\/\/rinconjuridico.es\/ca\/wp-json\/wp\/v2\/types\/page"}],"author":[{"embeddable":true,"href":"https:\/\/rinconjuridico.es\/ca\/wp-json\/wp\/v2\/users\/1"}],"replies":[{"embeddable":true,"href":"https:\/\/rinconjuridico.es\/ca\/wp-json\/wp\/v2\/comments?post=300"}],"version-history":[{"count":0,"href":"https:\/\/rinconjuridico.es\/ca\/wp-json\/wp\/v2\/pages\/300\/revisions"}],"wp:attachment":[{"href":"https:\/\/rinconjuridico.es\/ca\/wp-json\/wp\/v2\/media?parent=300"}],"curies":[{"name":"wp","href":"https:\/\/api.w.org\/{rel}","templated":true}]}}